{"id":244,"date":"2025-05-22T12:47:59","date_gmt":"2025-05-22T18:47:59","guid":{"rendered":"https:\/\/bushidointernacional.com\/?page_id=244"},"modified":"2025-05-22T14:11:23","modified_gmt":"2025-05-22T20:11:23","slug":"aviso-privacidad","status":"publish","type":"page","link":"https:\/\/bushidointernacional.com\/?page_id=244","title":{"rendered":"Aviso de Privacidad"},"content":{"rendered":"\t\t<div data-elementor-type=\"wp-page\" data-elementor-id=\"244\" class=\"elementor elementor-244\" data-elementor-post-type=\"page\">\n\t\t\t\t<div class=\"elementor-element elementor-element-5e2d03e3 e-flex e-con-boxed e-con e-parent\" data-id=\"5e2d03e3\" data-element_type=\"container\">\n\t\t\t\t\t<div class=\"e-con-inner\">\n\t\t\t\t<div class=\"elementor-element elementor-element-6277a3af elementor-widget elementor-widget-text-editor\" data-id=\"6277a3af\" data-element_type=\"widget\" data-widget_type=\"text-editor.default\">\n\t\t\t\t<div class=\"elementor-widget-container\">\n\t\t\t\t\t\t\t\t\t\t\t\t\t\t\t\t\t<\/div>\n\t\t\t\t<\/div>\n\t\t\t\t\t<\/div>\n\t\t\t\t<\/div>\n\t\t<div class=\"elementor-element elementor-element-50ddd7b e-flex e-con-boxed e-con e-parent\" data-id=\"50ddd7b\" data-element_type=\"container\">\n\t\t\t\t\t<div class=\"e-con-inner\">\n\t\t\t\t<div class=\"elementor-element elementor-element-a83cc81 elementor-widget elementor-widget-heading\" data-id=\"a83cc81\" data-element_type=\"widget\" data-widget_type=\"heading.default\">\n\t\t\t\t<div class=\"elementor-widget-container\">\n\t\t\t\t\t<h1 class=\"elementor-heading-title elementor-size-default\">Aviso de privacidad<\/h1>\t\t\t\t<\/div>\n\t\t\t\t<\/div>\n\t\t\t\t\t<\/div>\n\t\t\t\t<\/div>\n\t\t<div class=\"elementor-element elementor-element-0d8ba29 e-grid e-con-boxed e-con e-parent\" data-id=\"0d8ba29\" data-element_type=\"container\">\n\t\t\t\t\t<div class=\"e-con-inner\">\n\t\t\t\t<div class=\"elementor-element elementor-element-3af7310 elementor-widget elementor-widget-text-editor\" data-id=\"3af7310\" data-element_type=\"widget\" data-widget_type=\"text-editor.default\">\n\t\t\t\t<div class=\"elementor-widget-container\">\n\t\t\t\t\t\t\t\t\t<p><span style=\"color: #ffffff; font-style: inherit; text-align: var(--text-align);\">Bushido, comercialmente conocido como Bushido Internacional, con domicilio en Guadalajara, Jal. Mx, es el responsable del uso y protecci\u00f3n de sus datos personales.<\/span><\/p>\n<p><h3><span style=\"color: #ffffff;\">FINALIDADES PRIMARIAS<\/span><\/h3><span style=\"color: #ffffff;\">Los datos personales que recabamos de usted, los utilizaremos para las siguientes finalidades que son necesarias para el servicio que solicita:<\/span><\/p>\n<p><span style=\"color: #ffffff;\">\u2022 Respuesta a mensajes del formulario de contacto<\/span><br><span style=\"color: #ffffff;\">\u2022 Prestaci\u00f3n de cualquier servicio solicitado<\/span><br><span style=\"color: #ffffff;\">\u2022 Cobro de la membres\u00eda Bushido<\/span><br><span style=\"color: #ffffff;\">\u2022 Ofrecer informacion y promociones<\/span><\/p>\n<h3><span style=\"color: #ffffff;\">DATOS PERSONALES RECABADOS<\/span><\/h3>\n<p><span style=\"color: #ffffff;\">Para las finalidades se\u00f1aladas en el presente aviso de privacidad, podemos recabar sus datos de identificaci\u00f3n y contacto, datos sobre caracter\u00edsticas f\u00edsicas, datos patrimoniales y\/o financieros, datos sobre pasatiempos.<\/span><\/p>\n<p><span style=\"color: #ffffff;\">DERECHOS ARCO<\/span><br><span style=\"color: #ffffff;\">Usted tiene derecho a conocer qu\u00e9 datos personales tenemos de usted, para qu\u00e9 los utilizamos y las condiciones del uso que les damos (Acceso). Asimismo, es su derecho solicitar la correcci\u00f3n de su informaci\u00f3n personal en caso de que est\u00e9 desactualizada, sea inexacta o incompleta (Rectificaci\u00f3n); que la eliminemos de nuestros registros o bases de datos cuando considere que la misma no est\u00e1 siendo utilizada adecuadamente (Cancelaci\u00f3n); as\u00ed como oponerse al uso de sus datos personales para fines espec\u00edficos (Oposici\u00f3n). Estos derechos se conocen como derechos ARCO.<\/span><\/p>\n<p><span style=\"color: #ffffff;\">Para el ejercicio de cualquiera de los derechos ARCO, usted deber\u00e1 presentar la solicitud respectiva a trav\u00e9s de Al mismo correo electr\u00f3nico donde se recibi\u00f3 la solicitud. La respuesta a su solicitud ser\u00e1 atendida en un plazo m\u00e1ximo de 10 d\u00edas h\u00e1biles.<\/span><\/p>\n<h3><span style=\"color: #ffffff;\">DATOS RECABADOS POR EL SITIO WEB<\/span><\/h3>\n<p><span style=\"color: #ffffff;\">Nuestro sitio web recaba autom\u00e1ticamente los siguientes datos:<\/span><\/p>\n<p><span style=\"color: #ffffff;\">\u2022 Identificadores, nombre de usuario y contrase\u00f1as de sesi\u00f3n<\/span><br><span style=\"color: #ffffff;\">\u2022 Idioma preferido por el usuario<\/span><br><span style=\"color: #ffffff;\">\u2022 Regi\u00f3n en la que se encuentra el usuario<\/span><br><span style=\"color: #ffffff;\">\u2022 Tipo de navegador del usuario<\/span><br><span style=\"color: #ffffff;\">\u2022 Tipo de sistema operativo del usuario<\/span><br><span style=\"color: #ffffff;\">\u2022 Fecha y hora del inicio y final de una sesi\u00f3n de un usuario<\/span><br><span style=\"color: #ffffff;\">\u2022 P\u00e1ginas web visitadas por un usuario<\/span><br><span style=\"color: #ffffff;\">\u2022 B\u00fasquedas realizadas por un usuario<\/span><br><span style=\"color: #ffffff;\">\u2022 Publicidad revisada por un usuario<\/span><br><span style=\"color: #ffffff;\">\u2022 Listas y h\u00e1bitos de consumo en p\u00e1ginas de compras<\/span><\/p>\n<h3><span style=\"color: #ffffff;\">CONTACTO<\/span><\/h3>\n<p><span style=\"color: #ffffff;\">Para m\u00e1s informaci\u00f3n sobre este aviso de privacidad, puede contactarnos en:<\/span><\/p>\n<p><span style=\"color: #ffffff;\">Correo electr\u00f3nico: info@bushidointernacional.com<\/span><br><span style=\"color: #ffffff;\">Sitio web: www.bushidointernacional.com<\/span><\/p>\n<p><span style=\"color: #ffffff;\">\u00daltima actualizaci\u00f3n: 22\/5\/2025<\/span><\/p>\t\t\t\t\t\t\t\t<\/div>\n\t\t\t\t<\/div>\n\t\t\t\t\t<\/div>\n\t\t\t\t<\/div>\n\t\t\t\t<\/div>\n\t\t","protected":false},"excerpt":{"rendered":"<p>Aviso de privacidad Bushido, comercialmente conocido como Bushido Internacional, con domicilio en Guadalajara, Jal. Mx, es el responsable del uso [&hellip;]<\/p>\n","protected":false},"author":1,"featured_media":0,"parent":0,"menu_order":0,"comment_status":"closed","ping_status":"closed","template":"","meta":{"site-sidebar-layout":"default","site-content-layout":"","ast-site-content-layout":"","site-content-style":"default","site-sidebar-style":"default","ast-global-header-display":"","ast-banner-title-visibility":"","ast-main-header-display":"","ast-hfb-above-header-display":"","ast-hfb-below-header-display":"","ast-hfb-mobile-header-display":"","site-post-title":"","ast-breadcrumbs-content":"","ast-featured-img":"","footer-sml-layout":"","theme-transparent-header-meta":"","adv-header-id-meta":"","stick-header-meta":"","header-above-stick-meta":"","header-main-stick-meta":"","header-below-stick-meta":"","astra-migrate-meta-layouts":"default","ast-page-background-enabled":"default","ast-page-background-meta":{"desktop":{"background-color":"var(--ast-global-color-5)","background-image":"","background-repeat":"repeat","background-position":"center center","background-size":"auto","background-attachment":"scroll","background-type":"","background-media":"","overlay-type":"","overlay-color":"","overlay-opacity":"","overlay-gradient":""},"tablet":{"background-color":"","background-image":"","background-repeat":"repeat","background-position":"center center","background-size":"auto","background-attachment":"scroll","background-type":"","background-media":"","overlay-type":"","overlay-color":"","overlay-opacity":"","overlay-gradient":""},"mobile":{"background-color":"","background-image":"","background-repeat":"repeat","background-position":"center center","background-size":"auto","background-attachment":"scroll","background-type":"","background-media":"","overlay-type":"","overlay-color":"","overlay-opacity":"","overlay-gradient":""}},"ast-content-background-meta":{"desktop":{"background-color":"var(--ast-global-color-4)","background-image":"","background-repeat":"repeat","background-position":"center center","background-size":"auto","background-attachment":"scroll","background-type":"","background-media":"","overlay-type":"","overlay-color":"","overlay-opacity":"","overlay-gradient":""},"tablet":{"background-color":"var(--ast-global-color-4)","background-image":"","background-repeat":"repeat","background-position":"center center","background-size":"auto","background-attachment":"scroll","background-type":"","background-media":"","overlay-type":"","overlay-color":"","overlay-opacity":"","overlay-gradient":""},"mobile":{"background-color":"var(--ast-global-color-4)","background-image":"","background-repeat":"repeat","background-position":"center center","background-size":"auto","background-attachment":"scroll","background-type":"","background-media":"","overlay-type":"","overlay-color":"","overlay-opacity":"","overlay-gradient":""}},"footnotes":""},"class_list":["post-244","page","type-page","status-publish","hentry"],"_links":{"self":[{"href":"https:\/\/bushidointernacional.com\/index.php?rest_route=\/wp\/v2\/pages\/244","targetHints":{"allow":["GET"]}}],"collection":[{"href":"https:\/\/bushidointernacional.com\/index.php?rest_route=\/wp\/v2\/pages"}],"about":[{"href":"https:\/\/bushidointernacional.com\/index.php?rest_route=\/wp\/v2\/types\/page"}],"author":[{"embeddable":true,"href":"https:\/\/bushidointernacional.com\/index.php?rest_route=\/wp\/v2\/users\/1"}],"replies":[{"embeddable":true,"href":"https:\/\/bushidointernacional.com\/index.php?rest_route=%2Fwp%2Fv2%2Fcomments&post=244"}],"version-history":[{"count":4,"href":"https:\/\/bushidointernacional.com\/index.php?rest_route=\/wp\/v2\/pages\/244\/revisions"}],"predecessor-version":[{"id":260,"href":"https:\/\/bushidointernacional.com\/index.php?rest_route=\/wp\/v2\/pages\/244\/revisions\/260"}],"wp:attachment":[{"href":"https:\/\/bushidointernacional.com\/index.php?rest_route=%2Fwp%2Fv2%2Fmedia&parent=244"}],"curies":[{"name":"wp","href":"https:\/\/api.w.org\/{rel}","templated":true}]}}